
        {"id":1520,"date":"2018-03-26T14:48:00","date_gmt":"2018-03-26T14:48:00","guid":{"rendered":"http:\/\/dexter.evatheme.com\/demo\/?page_id=1520"},"modified":"2022-02-22T00:54:16","modified_gmt":"2022-02-21T23:54:16","slug":"nase-auta","status":"publish","type":"page","link":"https:\/\/www.autanasvatby.cz\/index.php\/nase-auta\/","title":{"rendered":"Na\u0161e auta"},"content":{"rendered":"<p>[vc_row bg_type=&#8220;bg_color&#8220; bg_override=&#8220;full&#8220; css=&#8220;.vc_custom_1517687678013{margin-top: -80px !important;margin-bottom: 0px !important;padding-top: 80px !important;padding-bottom: 80px !important;}&#8220; bg_color_value=&#8220;rgba(233,196,176,0.15)&#8220;][vc_column]<div id=\"portfolio_list\" class=\"grid_card col2 \">\n\t\t\t\t\t\t<div class=\"row\">\n\t\t\t\t\t\t\t<div class=\"isotope_container_wrap\">\n\t\t\t\t\t\t\t\t<div class=\"isotope-container\">\n\t\t\t\t\t\t<article id=\"portfolio-2162\" class=\"col-sm-6 auta-na-svatbu veter\u00e1ni  post-2162 portfolio type-portfolio status-publish format-gallery has-post-thumbnail hentry portfolio_tag-auta portfolio_category-auta portfolio_category-veterani\"> \n\t\t<div class=\"portfolio_content_wrapper\">\n\t\t\t<div class=\"portfolio_format_content\">\n\t\t\t\t<div class=\"post_likes\">\n    <span class=\"cstheme_likes dexter_add_like\" data-postid=\"2162\">\n        <i class=\"fa fa-heart-o\"><\/i>\n        <span class=\"likes_count\">2<\/span>\n    <\/span>\n    <\/div>\n\t\t\t\t\t\t\t\t\t<a href=\"https:\/\/www.autanasvatby.cz\/index.php\/portfolio\/rolls-royce-silver-spirit\/\"><img decoding=\"async\" src=\"https:\/\/www.autanasvatby.cz\/wp-content\/uploads\/2022\/01\/s-l1600-1-520x540.jpg\" alt=\"ROLLS-ROYCE SILVER SPIRIT\" \/><i class=\"plus\"><\/i><\/a>\t\t\t\t\t\t\t<\/div>\n\t\t\t<div class=\"portfolio_descr_wrap\">\n\t\t\t\t<span class=\"portfolio_meta_category\">Auta na svatbu, Veter\u00e1ni<\/span>\n\t\t\t\t<h2 class=\"portfolio_title\"><a href=\"https:\/\/www.autanasvatby.cz\/index.php\/portfolio\/rolls-royce-silver-spirit\/\" title=\"Permalink to ROLLS-ROYCE SILVER SPIRIT\" rel=\"bookmark\">ROLLS-ROYCE SILVER SPIRIT<\/a><\/h2>\n\t\t\t<\/div>\n\t\t<\/div><\/article><article id=\"portfolio-2088\" class=\"col-sm-6 auta-na-svatbu sportovn\u00ed-vozy  post-2088 portfolio type-portfolio status-publish format-gallery has-post-thumbnail hentry portfolio_tag-auta portfolio_category-auta portfolio_category-sportovni-vozy\"> \n\t\t<div class=\"portfolio_content_wrapper\">\n\t\t\t<div class=\"portfolio_format_content\">\n\t\t\t\t<div class=\"post_likes\">\n    <span class=\"cstheme_likes dexter_add_like\" data-postid=\"2088\">\n        <i class=\"fa fa-heart-o\"><\/i>\n        <span class=\"likes_count\">2<\/span>\n    <\/span>\n    <\/div>\n\t\t\t\t\t\t\t\t\t<a href=\"https:\/\/www.autanasvatby.cz\/index.php\/portfolio\/lamborghini-gallardo\/\"><img decoding=\"async\" src=\"https:\/\/www.autanasvatby.cz\/wp-content\/uploads\/2022\/01\/Image4-1-520x540.jpg\" alt=\"LAMBORGHINI GALLARDO\" \/><i class=\"plus\"><\/i><\/a>\t\t\t\t\t\t\t<\/div>\n\t\t\t<div class=\"portfolio_descr_wrap\">\n\t\t\t\t<span class=\"portfolio_meta_category\">Auta na svatbu, Sportovn\u00ed vozy<\/span>\n\t\t\t\t<h2 class=\"portfolio_title\"><a href=\"https:\/\/www.autanasvatby.cz\/index.php\/portfolio\/lamborghini-gallardo\/\" title=\"Permalink to LAMBORGHINI GALLARDO\" rel=\"bookmark\">LAMBORGHINI GALLARDO<\/a><\/h2>\n\t\t\t<\/div>\n\t\t<\/div><\/article><article id=\"portfolio-2099\" class=\"col-sm-6 auta-na-svatbu luxusn\u00ed-vozy  post-2099 portfolio type-portfolio status-publish format-gallery has-post-thumbnail hentry portfolio_tag-auta portfolio_category-auta portfolio_category-luxusni-vozy\"> \n\t\t<div class=\"portfolio_content_wrapper\">\n\t\t\t<div class=\"portfolio_format_content\">\n\t\t\t\t<div class=\"post_likes\">\n    <span class=\"cstheme_likes dexter_add_like\" data-postid=\"2099\">\n        <i class=\"fa fa-heart-o\"><\/i>\n        <span class=\"likes_count\">6<\/span>\n    <\/span>\n    <\/div>\n\t\t\t\t\t\t\t\t\t<a href=\"https:\/\/www.autanasvatby.cz\/index.php\/portfolio\/rolls-royce-phantom-2\/\"><img decoding=\"async\" src=\"https:\/\/www.autanasvatby.cz\/wp-content\/uploads\/2022\/01\/20201107_140523-520x540.jpg\" alt=\"ROLLS-ROYCE PHANTOM\" \/><i class=\"plus\"><\/i><\/a>\t\t\t\t\t\t\t<\/div>\n\t\t\t<div class=\"portfolio_descr_wrap\">\n\t\t\t\t<span class=\"portfolio_meta_category\">Auta na svatbu, Luxusn\u00ed vozy<\/span>\n\t\t\t\t<h2 class=\"portfolio_title\"><a href=\"https:\/\/www.autanasvatby.cz\/index.php\/portfolio\/rolls-royce-phantom-2\/\" title=\"Permalink to ROLLS-ROYCE PHANTOM\" rel=\"bookmark\">ROLLS-ROYCE PHANTOM<\/a><\/h2>\n\t\t\t<\/div>\n\t\t<\/div><\/article><article id=\"portfolio-2061\" class=\"col-sm-6 auta-na-svatbu veter\u00e1ni  post-2061 portfolio type-portfolio status-publish format-gallery has-post-thumbnail hentry portfolio_tag-auta portfolio_category-auta portfolio_category-veterani\"> \n\t\t<div class=\"portfolio_content_wrapper\">\n\t\t\t<div class=\"portfolio_format_content\">\n\t\t\t\t<div class=\"post_likes\">\n    <span class=\"cstheme_likes dexter_add_like\" data-postid=\"2061\">\n        <i class=\"fa fa-heart-o\"><\/i>\n        <span class=\"likes_count\">2<\/span>\n    <\/span>\n    <\/div>\n\t\t\t\t\t\t\t\t\t<a href=\"https:\/\/www.autanasvatby.cz\/index.php\/portfolio\/bentley-brooklands\/\"><img decoding=\"async\" src=\"https:\/\/www.autanasvatby.cz\/wp-content\/uploads\/2022\/01\/IMG_7281-520x540.jpg\" alt=\"BENTLEY BROOKLANDS\" \/><i class=\"plus\"><\/i><\/a>\t\t\t\t\t\t\t<\/div>\n\t\t\t<div class=\"portfolio_descr_wrap\">\n\t\t\t\t<span class=\"portfolio_meta_category\">Auta na svatbu, Veter\u00e1ni<\/span>\n\t\t\t\t<h2 class=\"portfolio_title\"><a href=\"https:\/\/www.autanasvatby.cz\/index.php\/portfolio\/bentley-brooklands\/\" title=\"Permalink to BENTLEY BROOKLANDS\" rel=\"bookmark\">BENTLEY BROOKLANDS<\/a><\/h2>\n\t\t\t<\/div>\n\t\t<\/div><\/article><article id=\"portfolio-2358\" class=\"col-sm-6 auta-na-svatbu sportovn\u00ed-vozy  post-2358 portfolio type-portfolio status-publish format-gallery has-post-thumbnail hentry portfolio_tag-auta portfolio_category-auta portfolio_category-sportovni-vozy\"> \n\t\t<div class=\"portfolio_content_wrapper\">\n\t\t\t<div class=\"portfolio_format_content\">\n\t\t\t\t<div class=\"post_likes\">\n    <span class=\"cstheme_likes dexter_add_like\" data-postid=\"2358\">\n        <i class=\"fa fa-heart-o\"><\/i>\n        <span class=\"likes_count\">2<\/span>\n    <\/span>\n    <\/div>\n\t\t\t\t\t\t\t\t\t<a href=\"https:\/\/www.autanasvatby.cz\/index.php\/portfolio\/lotus-esprit-turbo\/\"><img decoding=\"async\" src=\"https:\/\/www.autanasvatby.cz\/wp-content\/uploads\/2022\/06\/94-520x540.jpg\" alt=\"LOTUS ESPRIT TURBO\" \/><i class=\"plus\"><\/i><\/a>\t\t\t\t\t\t\t<\/div>\n\t\t\t<div class=\"portfolio_descr_wrap\">\n\t\t\t\t<span class=\"portfolio_meta_category\">Auta na svatbu, Sportovn\u00ed vozy<\/span>\n\t\t\t\t<h2 class=\"portfolio_title\"><a href=\"https:\/\/www.autanasvatby.cz\/index.php\/portfolio\/lotus-esprit-turbo\/\" title=\"Permalink to LOTUS ESPRIT TURBO\" rel=\"bookmark\">LOTUS ESPRIT TURBO<\/a><\/h2>\n\t\t\t<\/div>\n\t\t<\/div><\/article><article id=\"portfolio-644\" class=\"col-sm-6 auta-na-svatbu veter\u00e1ni  post-644 portfolio type-portfolio status-publish format-gallery has-post-thumbnail hentry portfolio_tag-auta portfolio_category-auta portfolio_category-veterani\"> \n\t\t<div class=\"portfolio_content_wrapper\">\n\t\t\t<div class=\"portfolio_format_content\">\n\t\t\t\t<div class=\"post_likes\">\n    <span class=\"cstheme_likes dexter_add_like\" data-postid=\"644\">\n        <i class=\"fa fa-heart-o\"><\/i>\n        <span class=\"likes_count\">2<\/span>\n    <\/span>\n    <\/div>\n\t\t\t\t\t\t\t\t\t<a href=\"https:\/\/www.autanasvatby.cz\/index.php\/portfolio\/rolls-royce-silver-shadow-gold\/\"><img decoding=\"async\" src=\"https:\/\/www.autanasvatby.cz\/wp-content\/uploads\/2017\/08\/Image22-520x540.jpg\" alt=\"ROLLS-ROYCE SILVER SHADOW GOLD\" \/><i class=\"plus\"><\/i><\/a>\t\t\t\t\t\t\t<\/div>\n\t\t\t<div class=\"portfolio_descr_wrap\">\n\t\t\t\t<span class=\"portfolio_meta_category\">Auta na svatbu, Veter\u00e1ni<\/span>\n\t\t\t\t<h2 class=\"portfolio_title\"><a href=\"https:\/\/www.autanasvatby.cz\/index.php\/portfolio\/rolls-royce-silver-shadow-gold\/\" title=\"Permalink to ROLLS-ROYCE SILVER SHADOW GOLD\" rel=\"bookmark\">ROLLS-ROYCE SILVER SHADOW GOLD<\/a><\/h2>\n\t\t\t<\/div>\n\t\t<\/div><\/article>\n\t\t\t\t\t\t\t\t<\/div>\n\t\t\t\t\t\t\t<\/div>\n\t\t\t\t\t\t<\/div>\n\t\t\t\t\t<div class=\"eva-pagination\"><span aria-current=\"page\" class=\"page-numbers current\">1<\/span><a class=\"page-numbers\" href=\"https:\/\/www.autanasvatby.cz\/index.php\/wp-json\/wp\/v2\/pages\/1520\/page\/2\/\">2<\/a><a class=\"page-numbers\" href=\"https:\/\/www.autanasvatby.cz\/index.php\/wp-json\/wp\/v2\/pages\/1520\/page\/3\/\">3<\/a><a class=\"next page-numbers\" href=\"https:\/\/www.autanasvatby.cz\/index.php\/wp-json\/wp\/v2\/pages\/1520\/page\/2\/\"><i class=\"fa fa-angle-right\"><\/i><\/a><\/div><\/div>[\/vc_column][\/vc_row][vc_row css=&#8220;.vc_custom_1517687620475{margin-top: 0px !important;margin-bottom: 0px !important;padding-top: 40px !important;padding-bottom: 40px !important;}&#8220;][vc_column width=&#8220;1\/4&#8243;][\/vc_column][vc_column width=&#8220;1\/2&#8243;]<div id=\"ultimate-heading-339669fb2a8411833\" class=\"uvc-heading ult-adjust-bottom-margin ultimate-heading-339669fb2a8411833 uvc-3354 \" data-hspacer=\"image_only\"  data-halign=\"center\" style=\"text-align:center\"><div class=\"uvc-heading-spacer image_only\" style=\"margin-bottom:0px;\"><img decoding=\"async\" src=\"https:\/\/www.autanasvatby.cz\/wp-content\/uploads\/2017\/06\/separator1.png\" class=\"ultimate-headings-icon-image\" alt=\"null\" style=\"width:170px\"\/><\/div><div class=\"uvc-main-heading ult-responsive\"  data-ultimate-target='.uvc-heading.ultimate-heading-339669fb2a8411833 h2'  data-responsive-json-new='{\"font-size\":\"desktop:52px;tablet:42px;tablet_portrait:32px;mobile_landscape:22px;mobile:22px;\",\"line-height\":\"desktop:62px;tablet:52px;tablet_portrait:42px;mobile_landscape:32px;mobile:32px;\"}' ><h2 style=\"font-family:&#039;Playfair Display&#039;;font-weight:700;color:#222222;margin-top:20px;margin-bottom:20px;\">Clients<\/h2><\/div><div class=\"uvc-sub-heading ult-responsive\"  data-ultimate-target='.uvc-heading.ultimate-heading-339669fb2a8411833 .uvc-sub-heading '  data-responsive-json-new='{\"font-size\":\"desktop:16px;tablet:16px;tablet_portrait:16px;mobile_landscape:14px;mobile:14px;\",\"line-height\":\"desktop:28px;tablet:28px;tablet_portrait:28px;mobile_landscape:22px;mobile:22px;\"}'  style=\"font-family:&#039;Merriweather&#039;;font-weight:300;color:#222222;margin-bottom:20px;\">K na\u0161im klient\u016fm nepat\u0159\u00ed jen novoman\u017eel\u00e9, ale i z\u00e1jemci o j\u00edzdu na promoce, p\u00e1rty, koncerty nebo nap\u0159. zlat\u00e9 svatby. Z\u00e1rove\u0148 jezd\u00edme \u010dasto i pro firemn\u00ed klientelu \u010di vyzved\u00e1v\u00e1me v\u00fdznamn\u00e9 hosty z leti\u0161t\u011b a podobn\u011b.<\/div><\/div>[\/vc_column][vc_column width=&#8220;1\/4&#8243;][\/vc_column][\/vc_row][vc_row css=&#8220;.vc_custom_1501672167433{margin-top: 0px !important;margin-bottom: 0px !important;padding-top: 0px !important;padding-bottom: 100px !important;}&#8220;][vc_column]<div id=\"partners_list\" class=\"row  \"><div class=\"col-sm-2 col-xs-6\"><div class=\"partner_wrap text-center border_none hover_opacity no_descr\" ><img decoding=\"async\" src=\"https:\/\/www.autanasvatby.cz\/wp-content\/uploads\/2017\/07\/logo3.png\" title=\"\" \/><\/div><\/div><div class=\"col-sm-2 col-xs-6\"><div class=\"partner_wrap text-center border_none hover_opacity no_descr\" ><img decoding=\"async\" src=\"https:\/\/www.autanasvatby.cz\/wp-content\/uploads\/2017\/07\/logo4.png\" title=\"\" \/><\/div><\/div><div class=\"col-sm-2 col-xs-6\"><div class=\"partner_wrap text-center border_none hover_opacity no_descr\" ><img decoding=\"async\" src=\"https:\/\/www.autanasvatby.cz\/wp-content\/uploads\/2017\/07\/logo1.png\" title=\"\" \/><\/div><\/div><div class=\"col-sm-2 col-xs-6\"><div class=\"partner_wrap text-center border_none hover_opacity no_descr\" ><img decoding=\"async\" src=\"https:\/\/www.autanasvatby.cz\/wp-content\/uploads\/2017\/07\/logo8.png\" title=\"\" \/><\/div><\/div><div class=\"col-sm-2 col-xs-6\"><div class=\"partner_wrap text-center border_none hover_opacity no_descr\" ><img decoding=\"async\" src=\"https:\/\/www.autanasvatby.cz\/wp-content\/uploads\/2017\/07\/logo6.png\" title=\"\" \/><\/div><\/div><div class=\"col-sm-2 col-xs-6\"><div class=\"partner_wrap text-center border_none hover_opacity no_descr\" ><img decoding=\"async\" src=\"https:\/\/www.autanasvatby.cz\/wp-content\/uploads\/2017\/08\/logo7.png\" title=\"\" \/><\/div><\/div><\/div>[\/vc_column][\/vc_row][vc_row bg_type=&#8220;image&#8220; parallax_style=&#8220;vcpb-default&#8220; bg_image_new=&#8220;id^73|url^https:\/\/www.autanasvatby.cz\/wp-content\/uploads\/2017\/06\/wedding-pattern4.png|caption^null|alt^null|title^wedding-pattern4|description^null&#8220; bg_image_size=&#8220;initial&#8220; bg_override=&#8220;full&#8220; css=&#8220;.vc_custom_1501852529142{margin-top: 0px !important;margin-bottom: -80px !important;padding-top: 100px !important;padding-bottom: 130px !important;}&#8220;][vc_column width=&#8220;1\/6&#8243;][\/vc_column][vc_column width=&#8220;4\/6&#8243;]<div class=\"ult-content-box-container \" >\t\t<div class=\"ult-content-box\" style=\"background-color:#ffffff;box-shadow: px px px px #f7f7f7 none;border-style:none;border-width:20px;border-radius:0px;border-color:#e9c4b0;padding-top:60px;padding-right:60px;padding-bottom:30px;padding-left:60px;-webkit-transition: all 300ms ease;-moz-transition: all 300ms ease;-ms-transition: all 300ms ease;-o-transition: all 300ms ease;transition: all 300ms ease;\"  data-hover_bg_color=\"#ffffff\"  data-hover_box_shadow=\"none\"   data-responsive_margins=\"margin:0px;\"    data-bg=\"#ffffff\"  data-border_color=\"#e9c4b0\" ><div id=\"ultimate-heading-812469fb2a8412247\" class=\"uvc-heading ult-adjust-bottom-margin ultimate-heading-812469fb2a8412247 uvc-3266 \" data-hspacer=\"image_only\"  data-halign=\"center\" style=\"text-align:center\"><div class=\"uvc-heading-spacer image_only\" style=\"margin-bottom:0px;\"><img decoding=\"async\" src=\"https:\/\/www.autanasvatby.cz\/wp-content\/uploads\/2017\/06\/separator1.png\" class=\"ultimate-headings-icon-image\" alt=\"null\" style=\"width:170px\"\/><\/div><div class=\"uvc-main-heading ult-responsive\"  data-ultimate-target='.uvc-heading.ultimate-heading-812469fb2a8412247 h2'  data-responsive-json-new='{\"font-size\":\"desktop:52px;tablet:42px;tablet_portrait:32px;mobile_landscape:22px;mobile:22px;\",\"line-height\":\"desktop:62px;tablet:52px;tablet_portrait:42px;mobile_landscape:32px;mobile:32px;\"}' ><h2 style=\"font-family:&#039;Playfair Display&#039;;font-weight:700;color:#222222;margin-top:20px;margin-bottom:20px;\">Kontaktujte n\u00e1s<\/h2><\/div><\/div>\n<div class=\"wpcf7 no-js\" id=\"wpcf7-f372-o1\" lang=\"en-US\" dir=\"ltr\">\n<div class=\"screen-reader-response\"><p role=\"status\" aria-live=\"polite\" aria-atomic=\"true\"><\/p> <ul><\/ul><\/div>\n<form action=\"\/index.php\/wp-json\/wp\/v2\/pages\/1520#wpcf7-f372-o1\" method=\"post\" class=\"wpcf7-form init\" aria-label=\"Contact form\" novalidate=\"novalidate\" data-status=\"init\">\n<div style=\"display: none;\">\n<input type=\"hidden\" name=\"_wpcf7\" value=\"372\" \/>\n<input type=\"hidden\" name=\"_wpcf7_version\" value=\"5.8.7\" \/>\n<input type=\"hidden\" name=\"_wpcf7_locale\" value=\"en_US\" \/>\n<input type=\"hidden\" name=\"_wpcf7_unit_tag\" value=\"wpcf7-f372-o1\" \/>\n<input type=\"hidden\" name=\"_wpcf7_container_post\" value=\"0\" \/>\n<input type=\"hidden\" name=\"_wpcf7_posted_data_hash\" value=\"\" \/>\n<\/div>\n<div class=\"cstheme_contactform_type5\">\n\t<p><span class=\"wpcf7-form-control-wrap\" data-name=\"your-name\"><input size=\"40\" class=\"wpcf7-form-control wpcf7-text wpcf7-validates-as-required\" aria-required=\"true\" aria-invalid=\"false\" placeholder=\"Jm\u00e9no\" value=\"\" type=\"text\" name=\"your-name\" \/><\/span><span class=\"wpcf7-form-control-wrap\" data-name=\"your-email\"><input size=\"40\" class=\"wpcf7-form-control wpcf7-email wpcf7-validates-as-required wpcf7-text wpcf7-validates-as-email\" aria-required=\"true\" aria-invalid=\"false\" placeholder=\"E-mail\" value=\"\" type=\"email\" name=\"your-email\" \/><\/span><span class=\"wpcf7-form-control-wrap\" data-name=\"your-message\"><textarea cols=\"40\" rows=\"10\" class=\"wpcf7-form-control wpcf7-textarea\" aria-invalid=\"false\" placeholder=\"Zpr\u00e1va\" name=\"your-message\"><\/textarea><\/span>\n\t<\/p>\n\t<div class=\"text-center\">\n\t\t<p><input class=\"wpcf7-form-control wpcf7-submit has-spinner\" type=\"submit\" value=\"Odeslat zpr\u00e1vu\" \/>\n\t\t<\/p>\n\t<\/div>\n<\/div><div class=\"wpcf7-response-output\" aria-hidden=\"true\"><\/div>\n<\/form>\n<\/div>\n\t\t<\/div><\/div>[\/vc_column][vc_column width=&#8220;1\/6&#8243;][\/vc_column][\/vc_row]<\/p>\n","protected":false},"excerpt":{"rendered":"<p>[vc_row bg_type=&#8220;bg_color&#8220; bg_override=&#8220;full&#8220; css=&#8220;.vc_custom_1517687678013{margin-top: -80px !important;margin-bottom: 0px !important;padding-top: 80px !important;padding-bottom: 80px !important;}&#8220; bg_color_value=&#8220;rgba(233,196,176,0.15)&#8220;][vc_column][\/vc_column][\/vc_row][vc_row css=&#8220;.vc_custom_1517687620475{margin-top: 0px !important;margin-bottom: 0px !important;padding-top: 40px !important;padding-bottom: 40px !important;}&#8220;][vc_column width=&#8220;1\/4&#8243;][\/vc_column][vc_column width=&#8220;1\/2&#8243;][\/vc_column][vc_column width=&#8220;1\/4&#8243;][\/vc_column][\/vc_row][vc_row css=&#8220;.vc_custom_1501672167433{margin-top: 0px !important;margin-bottom: 0px !important;padding-top: 0px !important;padding-bottom: 100px !important;}&#8220;][vc_column][\/vc_column][\/vc_row][vc_row bg_type=&#8220;image&#8220; parallax_style=&#8220;vcpb-default&#8220; bg_image_new=&#8220;id^73|url^https:\/\/www.autanasvatby.cz\/wp-content\/uploads\/2017\/06\/wedding-pattern4.png|caption^null|alt^null|title^wedding-pattern4|description^null&#8220; bg_image_size=&#8220;initial&#8220; bg_override=&#8220;full&#8220; css=&#8220;.vc_custom_1501852529142{margin-top: 0px !important;margin-bottom: -80px !important;padding-top: 100px !important;padding-bottom: 130px !important;}&#8220;][vc_column width=&#8220;1\/6&#8243;][\/vc_column][vc_column width=&#8220;4\/6&#8243;][\/vc_column][vc_column width=&#8220;1\/6&#8243;][\/vc_column][\/vc_row]<\/p>\n","protected":false},"author":5,"featured_media":0,"parent":0,"menu_order":0,"comment_status":"closed","ping_status":"closed","template":"","meta":{"footnotes":""},"class_list":["post-1520","page","type-page","status-publish","hentry"],"_links":{"self":[{"href":"https:\/\/www.autanasvatby.cz\/index.php\/wp-json\/wp\/v2\/pages\/1520","targetHints":{"allow":["GET"]}}],"collection":[{"href":"https:\/\/www.autanasvatby.cz\/index.php\/wp-json\/wp\/v2\/pages"}],"about":[{"href":"https:\/\/www.autanasvatby.cz\/index.php\/wp-json\/wp\/v2\/types\/page"}],"author":[{"embeddable":true,"href":"https:\/\/www.autanasvatby.cz\/index.php\/wp-json\/wp\/v2\/users\/5"}],"replies":[{"embeddable":true,"href":"https:\/\/www.autanasvatby.cz\/index.php\/wp-json\/wp\/v2\/comments?post=1520"}],"version-history":[{"count":4,"href":"https:\/\/www.autanasvatby.cz\/index.php\/wp-json\/wp\/v2\/pages\/1520\/revisions"}],"predecessor-version":[{"id":2301,"href":"https:\/\/www.autanasvatby.cz\/index.php\/wp-json\/wp\/v2\/pages\/1520\/revisions\/2301"}],"wp:attachment":[{"href":"https:\/\/www.autanasvatby.cz\/index.php\/wp-json\/wp\/v2\/media?parent=1520"}],"curies":[{"name":"wp","href":"https:\/\/api.w.org\/{rel}","templated":true}]}}