{"id":1288,"date":"2018-03-21T23:18:59","date_gmt":"2018-03-21T23:18:59","guid":{"rendered":"http:\/\/dexter.evatheme.com\/demo\/?page_id=1288"},"modified":"2024-02-22T12:02:18","modified_gmt":"2024-02-22T11:02:18","slug":"kontakt","status":"publish","type":"page","link":"https:\/\/www.autanasvatby.cz\/index.php\/kontakt\/","title":{"rendered":"Kontakt"},"content":{"rendered":"<p>[vc_row css=&#8220;.vc_custom_1521674779228{margin-top: 0px !important;margin-bottom: 0px !important;padding-top: 40px !important;padding-bottom: 100px !important;}&#8220;][vc_column width=&#8220;1\/2&#8243;]<div class=\"ult-content-box-container \" >\t<a class=\"ult-content-box-anchor\" >\t\t<div class=\"ult-content-box\" style=\"background-color:rgba(233,196,176,0.1);box-shadow: px px px px #f7f7f7 none;border-style:none;border-width:1px;border-radius:0px;border-color:#efefef;padding-top:50px;padding-right:50px;padding-bottom:20px;padding-left:50px;margin-bottom:30px;-webkit-transition: all 200ms ease;-moz-transition: all 200ms ease;-ms-transition: all 200ms ease;-o-transition: all 200ms ease;transition: all 200ms ease;\"  data-hover_bg_color=\"rgba(233,196,176,0.1)\"  data-hover_box_shadow=\"none\"   data-responsive_margins=\"margin:30px;\"   data-normal_margins=\"margin-bottom:30px;\"   data-bg=\"rgba(233,196,176,0.1)\"  data-border_color=\"#efefef\" ><div class=\"aio-icon-component    style_1\"><div id=\"Info-box-wrap-1823\" class=\"aio-icon-box default-icon\" style=\"\"  ><div class=\"aio-icon-header\" ><h3 class=\"aio-icon-title ult-responsive\"  data-ultimate-target='#Info-box-wrap-1823 .aio-icon-title'  data-responsive-json-new='{\"font-size\":\"desktop:24px;tablet:18px;tablet_portrait:16px;mobile_landscape:14px;mobile:14px;\",\"line-height\":\"desktop:38px;tablet:28px;tablet_portrait:26px;mobile_landscape:22px;mobile:22px;\"}'  style=\"font-family:&#039;Playfair Display&#039;;font-weight:700;color:#222222;\">Kontakt<\/h3><\/div> <!-- header --><div class=\"aio-icon-description ult-responsive\"  data-ultimate-target='#Info-box-wrap-1823 .aio-icon-description'  data-responsive-json-new='{\"font-size\":\"desktop:18px;tablet:16px;tablet_portrait:14px;mobile_landscape:12px;mobile:12px;\",\"line-height\":\"desktop:32px;tablet:26px;tablet_portrait:24px;mobile_landscape:20px;mobile:20px;\"}'  style=\"font-family:&#039;Merriweather&#039;;font-weight:300;color:rgba(34,34,34,0.75);\"><a href=\"mailto:info@rollsroyceclub.cz\">info@rollsroyceclub.cz<\/a><\/p>\n<p>+420 602 680 051<\/div> <!-- description --><\/div> <!-- aio-icon-box --><\/div> <!-- aio-icon-component -->\t\t<\/div>\t<\/a><\/div><div class=\"ult-content-box-container \" >\t<a class=\"ult-content-box-anchor\" >\t\t<div class=\"ult-content-box\" style=\"background-color:rgba(233,196,176,0.1);box-shadow: px px px px #f7f7f7 none;border-style:none;border-width:1px;border-radius:0px;border-color:#efefef;padding-top:50px;padding-right:50px;padding-bottom:20px;padding-left:50px;margin-bottom:30px;-webkit-transition: all 200ms ease;-moz-transition: all 200ms ease;-ms-transition: all 200ms ease;-o-transition: all 200ms ease;transition: all 200ms ease;\"  data-hover_bg_color=\"rgba(233,196,176,0.1)\"  data-hover_box_shadow=\"none\"   data-responsive_margins=\"margin:30px;\"   data-normal_margins=\"margin-bottom:30px;\"   data-bg=\"rgba(233,196,176,0.1)\"  data-border_color=\"#efefef\" ><div class=\"aio-icon-component    style_1\"><div id=\"Info-box-wrap-1040\" class=\"aio-icon-box default-icon\" style=\"\"  ><div class=\"aio-icon-header\" ><h3 class=\"aio-icon-title ult-responsive\"  data-ultimate-target='#Info-box-wrap-1040 .aio-icon-title'  data-responsive-json-new='{\"font-size\":\"desktop:24px;tablet:18px;tablet_portrait:16px;mobile_landscape:14px;mobile:14px;\",\"line-height\":\"desktop:38px;tablet:28px;tablet_portrait:26px;mobile_landscape:22px;mobile:22px;\"}'  style=\"font-family:&#039;Playfair Display&#039;;font-weight:700;color:#222222;\">Adresa<\/h3><\/div> <!-- header --><div class=\"aio-icon-description ult-responsive\"  data-ultimate-target='#Info-box-wrap-1040 .aio-icon-description'  data-responsive-json-new='{\"font-size\":\"desktop:18px;tablet:16px;tablet_portrait:14px;mobile_landscape:12px;mobile:12px;\",\"line-height\":\"desktop:32px;tablet:26px;tablet_portrait:24px;mobile_landscape:20px;mobile:20px;\"}'  style=\"font-family:&#039;Merriweather&#039;;font-weight:300;color:rgba(34,34,34,0.75);\">K \u017di\u017ekovu 3\/379<br \/>\nPraha 9<br \/>\n190 00<\/div> <!-- description --><\/div> <!-- aio-icon-box --><\/div> <!-- aio-icon-component -->\t\t<\/div>\t<\/a><\/div>[\/vc_column][\/vc_row][vc_row bg_type=&#8220;image&#8220; parallax_style=&#8220;vcpb-vz-jquery&#8220; bg_image_new=&#8220;id^41|url^https:\/\/www.autanasvatby.cz\/wp-content\/uploads\/2017\/06\/slider-bg8.jpg|caption^null|alt^null|title^slider-bg8|description^null&#8220; bg_image_repeat=&#8220;no-repeat&#8220; bg_img_attach=&#8220;fixed&#8220; parallax_sense=&#8220;0&#8243; bg_override=&#8220;full&#8220; css=&#8220;.vc_custom_1521674818456{margin-top: 0px !important;margin-bottom: -80px !important;padding-top: 80px !important;padding-bottom: 110px !important;}&#8220;][vc_column width=&#8220;1\/2&#8243;]<div id=\"ultimate-heading-28346a0319ff3d19b\" class=\"uvc-heading ult-adjust-bottom-margin ultimate-heading-28346a0319ff3d19b uvc-5468 \" data-hspacer=\"no_spacer\"  data-halign=\"left\" style=\"text-align:left\"><div class=\"uvc-heading-spacer no_spacer\" style=\"top\"><\/div><div class=\"uvc-main-heading ult-responsive\"  data-ultimate-target='.uvc-heading.ultimate-heading-28346a0319ff3d19b h2'  data-responsive-json-new='{\"font-size\":\"desktop:18px;\",\"line-height\":\"desktop:32px;\"}' ><h2 style=\"font-family:&#039;Playfair Display&#039;;font-weight:700;color:rgba(255,255,255,0.7);margin-bottom:30px;\">POSLAT ZPR\u00c1VU<\/h2><\/div><div class=\"uvc-sub-heading ult-responsive\"  data-ultimate-target='.uvc-heading.ultimate-heading-28346a0319ff3d19b .uvc-sub-heading '  data-responsive-json-new='{\"font-size\":\"desktop:52px;\",\"line-height\":\"desktop:66px;\"}'  style=\"font-family:&#039;Playfair Display&#039;;font-weight:700;color:#ffffff;margin-bottom:60px;\">M\u00e1te jak\u00e9koli dotazy? Kontaktujte n\u00e1s.<\/p>\n<p><\/div><\/div>[\/vc_column][vc_column width=&#8220;1\/2&#8243;]<div class=\"ult-content-box-container \" >\t\t<div class=\"ult-content-box\" style=\"background-color:#ffffff;box-shadow: px px px px rgb(247, 247, 247) none;padding:50px;-webkit-transition: all 200ms ease;-moz-transition: all 200ms ease;-ms-transition: all 200ms ease;-o-transition: all 200ms ease;transition: all 200ms ease;\"  data-hover_bg_color=\"#ffffff\"  data-hover_box_shadow=\"none\"     data-bg=\"#ffffff\" ><div id=\"ultimate-heading-7986a0319ff3d6de\" class=\"uvc-heading ult-adjust-bottom-margin ultimate-heading-7986a0319ff3d6de uvc-1594 \" data-hspacer=\"image_only\"  data-halign=\"center\" style=\"text-align:center\"><div class=\"uvc-heading-spacer image_only\" style=\"margin-bottom:0px;\"><img decoding=\"async\" src=\"https:\/\/www.autanasvatby.cz\/wp-content\/uploads\/2017\/06\/separator1.png\" class=\"ultimate-headings-icon-image\" alt=\"null\" style=\"width:170px\"\/><\/div><div class=\"uvc-main-heading ult-responsive\"  data-ultimate-target='.uvc-heading.ultimate-heading-7986a0319ff3d6de h2'  data-responsive-json-new='{\"font-size\":\"desktop:52px;tablet:42px;tablet_portrait:32px;mobile_landscape:22px;mobile:22px;\",\"line-height\":\"desktop:62px;tablet:52px;tablet_portrait:42px;mobile_landscape:32px;mobile:32px;\"}' ><h2 style=\"font-family:&#039;Playfair Display&#039;;font-weight:700;color:#222222;margin-top:20px;margin-bottom:20px;\">Kontaktujte n\u00e1s<\/h2><\/div><\/div>\n<div class=\"wpcf7 no-js\" id=\"wpcf7-f372-o1\" lang=\"en-US\" dir=\"ltr\">\n<div class=\"screen-reader-response\"><p role=\"status\" aria-live=\"polite\" aria-atomic=\"true\"><\/p> <ul><\/ul><\/div>\n<form action=\"\/index.php\/wp-json\/wp\/v2\/pages\/1288#wpcf7-f372-o1\" method=\"post\" class=\"wpcf7-form init\" aria-label=\"Contact form\" novalidate=\"novalidate\" data-status=\"init\">\n<div style=\"display: none;\">\n<input type=\"hidden\" name=\"_wpcf7\" value=\"372\" \/>\n<input type=\"hidden\" name=\"_wpcf7_version\" value=\"5.8.7\" \/>\n<input type=\"hidden\" name=\"_wpcf7_locale\" value=\"en_US\" \/>\n<input type=\"hidden\" name=\"_wpcf7_unit_tag\" value=\"wpcf7-f372-o1\" \/>\n<input type=\"hidden\" name=\"_wpcf7_container_post\" value=\"0\" \/>\n<input type=\"hidden\" name=\"_wpcf7_posted_data_hash\" value=\"\" \/>\n<\/div>\n<div class=\"cstheme_contactform_type5\">\n\t<p><span class=\"wpcf7-form-control-wrap\" data-name=\"your-name\"><input size=\"40\" class=\"wpcf7-form-control wpcf7-text wpcf7-validates-as-required\" aria-required=\"true\" aria-invalid=\"false\" placeholder=\"Jm\u00e9no\" value=\"\" type=\"text\" name=\"your-name\" \/><\/span><span class=\"wpcf7-form-control-wrap\" data-name=\"your-email\"><input size=\"40\" class=\"wpcf7-form-control wpcf7-email wpcf7-validates-as-required wpcf7-text wpcf7-validates-as-email\" aria-required=\"true\" aria-invalid=\"false\" placeholder=\"E-mail\" value=\"\" type=\"email\" name=\"your-email\" \/><\/span><span class=\"wpcf7-form-control-wrap\" data-name=\"your-message\"><textarea cols=\"40\" rows=\"10\" class=\"wpcf7-form-control wpcf7-textarea\" aria-invalid=\"false\" placeholder=\"Zpr\u00e1va\" name=\"your-message\"><\/textarea><\/span>\n\t<\/p>\n\t<div class=\"text-center\">\n\t\t<p><input class=\"wpcf7-form-control wpcf7-submit has-spinner\" type=\"submit\" value=\"Odeslat zpr\u00e1vu\" \/>\n\t\t<\/p>\n\t<\/div>\n<\/div><div class=\"wpcf7-response-output\" aria-hidden=\"true\"><\/div>\n<\/form>\n<\/div>\n\t\t<\/div><\/div>[\/vc_column][\/vc_row]<\/p>\n","protected":false},"excerpt":{"rendered":"<p>[vc_row css=&#8220;.vc_custom_1521674779228{margin-top: 0px !important;margin-bottom: 0px !important;padding-top: 40px !important;padding-bottom: 100px !important;}&#8220;][vc_column width=&#8220;1\/2&#8243;][\/vc_column][\/vc_row][vc_row bg_type=&#8220;image&#8220; parallax_style=&#8220;vcpb-vz-jquery&#8220; bg_image_new=&#8220;id^41|url^https:\/\/www.autanasvatby.cz\/wp-content\/uploads\/2017\/06\/slider-bg8.jpg|caption^null|alt^null|title^slider-bg8|description^null&#8220; bg_image_repeat=&#8220;no-repeat&#8220; bg_img_attach=&#8220;fixed&#8220; parallax_sense=&#8220;0&#8243; bg_override=&#8220;full&#8220; css=&#8220;.vc_custom_1521674818456{margin-top: 0px !important;margin-bottom: -80px !important;padding-top: 80px !important;padding-bottom: 110px !important;}&#8220;][vc_column width=&#8220;1\/2&#8243;][\/vc_column][vc_column width=&#8220;1\/2&#8243;][\/vc_column][\/vc_row]<\/p>\n","protected":false},"author":5,"featured_media":0,"parent":0,"menu_order":0,"comment_status":"closed","ping_status":"closed","template":"","meta":{"footnotes":""},"class_list":["post-1288","page","type-page","status-publish","hentry"],"_links":{"self":[{"href":"https:\/\/www.autanasvatby.cz\/index.php\/wp-json\/wp\/v2\/pages\/1288","targetHints":{"allow":["GET"]}}],"collection":[{"href":"https:\/\/www.autanasvatby.cz\/index.php\/wp-json\/wp\/v2\/pages"}],"about":[{"href":"https:\/\/www.autanasvatby.cz\/index.php\/wp-json\/wp\/v2\/types\/page"}],"author":[{"embeddable":true,"href":"https:\/\/www.autanasvatby.cz\/index.php\/wp-json\/wp\/v2\/users\/5"}],"replies":[{"embeddable":true,"href":"https:\/\/www.autanasvatby.cz\/index.php\/wp-json\/wp\/v2\/comments?post=1288"}],"version-history":[{"count":7,"href":"https:\/\/www.autanasvatby.cz\/index.php\/wp-json\/wp\/v2\/pages\/1288\/revisions"}],"predecessor-version":[{"id":2414,"href":"https:\/\/www.autanasvatby.cz\/index.php\/wp-json\/wp\/v2\/pages\/1288\/revisions\/2414"}],"wp:attachment":[{"href":"https:\/\/www.autanasvatby.cz\/index.php\/wp-json\/wp\/v2\/media?parent=1288"}],"curies":[{"name":"wp","href":"https:\/\/api.w.org\/{rel}","templated":true}]}}